{"id":20,"date":"2021-10-09T21:48:09","date_gmt":"2021-10-09T20:48:09","guid":{"rendered":"http:\/\/escamarlansdepalau.com\/?page_id=20"},"modified":"2025-09-22T22:48:26","modified_gmt":"2025-09-22T21:48:26","slug":"biografia","status":"publish","type":"page","link":"https:\/\/escamarlansdepalau.com\/","title":{"rendered":"Qui som"},"content":{"rendered":"\n<p>El grup <strong>Escamarlans de Palau<\/strong> es va fundar per les inquietuds d\u2019uns quants aficionats a les havaneres a Palau-solit\u00e0 i Plegamans. Eren cantaires procedents d\u2019un grup de cant coral, i volien cantar havaneres acompanyats per una guitarra.<\/p>\n\n\n\n<p>Van comen\u00e7ar a cantar a cases particulars, festes de barri i actes ben\u00e8fics. El grup es va consolidar amb la incorporaci\u00f3 de l\u2019acordionista Josep Vila, i la creaci\u00f3 d\u2019un repertori de les havaneres m\u00e9s populars. Aleshores el grup va quedar integrat per Josep Castill\u00f3n (guitarra i veu), Llu\u00eds Gonz\u00e1lez (3a veu), Agust\u00ed Pallej\u00e0 (1a veu), J. Miguel Gonz\u00e1lez (2a veu), i Josep Vila (acordi\u00f3).<\/p>\n\n\n\n<p>En l\u2019actualitat Escamarlans de Palau est\u00e0 integrat per:&nbsp;<\/p>\n\n\n\n<p>. Josep Castill\u00f3n (guitarra i 2a veu)<\/p>\n\n\n\n<p>. Tianlu Li (violoncel)<\/p>\n\n\n\n<p>. Toni Garc\u00eda (1a veu)<\/p>\n\n\n\n<p>. Llu\u00eds Gonz\u00e1lez (3a veu)<\/p>\n\n\n\n<p>. Josep Maria Farr\u00e9 (acordi\u00f3)&nbsp;&nbsp;&nbsp;&nbsp;&nbsp;&nbsp;&nbsp;&nbsp;&nbsp;&nbsp;&nbsp;&nbsp;&nbsp;&nbsp;&nbsp;&nbsp;&nbsp;<\/p>\n\n\n\n<p>Han tingut actuacions arreu de Catalunya: Sant Feliu de Gu\u00edxols, Mont-ras, a pobles de la Vall d\u2019Aran, de la Costa Daurada, del Vall\u00e8s Oriental i de l\u2019Occidental, del Pened\u00e8s, del Bages, a Gr\u00e0cia (BCN), virtualment a Calella de Palafrugell, a Elna (Rosell\u00f3 franc\u00e8s), etc. Tenen un CD anomenat <em><strong>Crua Tempesta<\/strong><\/em>,\u00a0fent refer\u00e8ncia a la can\u00e7\u00f3 hom\u00f2nima, amb lletra del bar\u00edton Llu\u00eds Sintes i m\u00fasica de Llu\u00eds Gonz\u00e1lez, integrant del grup. Recentment han editat un segon CD anomenat <em><strong>Sota estrelles i a coberta<\/strong><\/em>, on es fa un recull d\u2019algunes de les can\u00e7ons cantades \u00faltimament, i amb els components actuals.<\/p>\n\n\n\n<h3 class=\"wp-block-heading\">Components:<\/h3>\n\n\n\n<p><\/p>\n\n\n\n<figure class=\"wp-block-image\"><img data-recalc-dims=\"1\" decoding=\"async\" src=\"https:\/\/i0.wp.com\/static.wixstatic.com\/media\/8f15c4_efa29c4af06647e0aa7a157a7d02a4f2.jpg\/v1\/fill\/w_280%2Ch_321%2Cal_c%2Clg_1%2Cq_80\/8f15c4_efa29c4af06647e0aa7a157a7d02a4f2.webp?w=990&#038;ssl=1\" alt=\"\"\/><\/figure>\n\n\n\n<p><strong>Llu\u00eds Gonz\u00e1lez, baix.<\/strong><\/p>\n\n\n\n<p>Ha cantat en diversos grups corals. Actualment \u00e9s membre de la Coral La Uni\u00f3 de Palau-solit\u00e0 i Plegamans.<br>Autodidacta en l\u2019aprenentatge de la m\u00fasica, ha tocat diversos instruments: harm\u00f2nica crom\u00e0tica, flauta dol\u00e7a, guitarra cl\u00e0ssica, piano i orgue. T\u00e9 cura de l\u2019arranjament de les can\u00e7ons, bo i adaptant-les a les veus del grup. \u00c9s autor de la m\u00fasica de la can\u00e7\u00f3 Crua Tempesta.<\/p>\n\n\n\n<hr class=\"wp-block-separator has-css-opacity\"\/>\n\n\n\n<figure class=\"wp-block-image\"><img data-recalc-dims=\"1\" decoding=\"async\" src=\"https:\/\/i0.wp.com\/static.wixstatic.com\/media\/8f15c4_90652c5c9fdb4a5f8caa3441d4790e21.jpg\/v1\/fill\/w_280%2Ch_329%2Cal_c%2Clg_1%2Cq_80\/8f15c4_90652c5c9fdb4a5f8caa3441d4790e21.webp?w=990&#038;ssl=1\" alt=\"\"\/><\/figure>\n\n\n\n<p><strong>Josep Castill\u00f3n, guitarra.<\/strong><\/p>\n\n\n\n<p>Als deu anys va tenir la seva primera guitarra, i fins al dia d\u2019avui no s\u2019ha despr\u00e8s d\u2019ella. A m\u00e9s a m\u00e9s, tamb\u00e9 toca altres instruments: lla\u00fct, band\u00farria, mandolina, saxo tenor i acordi\u00f3. Amb aquest \u00faltim, participa en el grup d\u2019havaneres Sotileza de Barcelona. Ha cantat en diferents corals (Claret de Barcelona i la Uni\u00f3 de Palau-solit\u00e0 i Plegamans).<\/p>\n\n\n\n<hr class=\"wp-block-separator has-css-opacity\"\/>\n\n\n\n<p><\/p>\n\n\n\n<figure class=\"wp-block-image size-large is-resized\"><img data-recalc-dims=\"1\" loading=\"lazy\" decoding=\"async\" width=\"768\" height=\"1024\" src=\"https:\/\/i0.wp.com\/escamarlansdepalau.com\/wp-content\/uploads\/2022\/12\/image_2022-12-17_23-58-41.png?resize=768%2C1024&#038;ssl=1\" alt=\"\" class=\"wp-image-1252\" style=\"width:281px;height:375px\" srcset=\"https:\/\/i0.wp.com\/escamarlansdepalau.com\/wp-content\/uploads\/2022\/12\/image_2022-12-17_23-58-41.png?resize=768%2C1024&amp;ssl=1 768w, https:\/\/i0.wp.com\/escamarlansdepalau.com\/wp-content\/uploads\/2022\/12\/image_2022-12-17_23-58-41.png?resize=225%2C300&amp;ssl=1 225w, https:\/\/i0.wp.com\/escamarlansdepalau.com\/wp-content\/uploads\/2022\/12\/image_2022-12-17_23-58-41.png?resize=1152%2C1536&amp;ssl=1 1152w, https:\/\/i0.wp.com\/escamarlansdepalau.com\/wp-content\/uploads\/2022\/12\/image_2022-12-17_23-58-41.png?w=1512&amp;ssl=1 1512w\" sizes=\"auto, (max-width: 768px) 100vw, 768px\" \/><\/figure>\n\n\n\n<p><strong>Toni Garcia, tenor.<\/strong><\/p>\n\n\n\n<p>Membre de la Coral de Lli\u00e7\u00e0 de Vall des de fa m\u00e9s de 20 anys. Fundador i cantaire del grup d&#8217;havaneres Nus Mariner durant 10 anys. Quan el grup es va dissoldre, es va incorporar al grup d&#8217;havaneres Els Escamarlans de Palau, el 2021. El tenor d&#8217;aquest grup havia plegat. La incorporaci\u00f3 del Toni a Escamarlans va ser molt oportuna i apropiada.<\/p>\n\n\n\n<hr class=\"wp-block-separator has-css-opacity\"\/>\n\n\n\n<p><\/p>\n\n\n\n<figure class=\"wp-block-image\"><img data-recalc-dims=\"1\" decoding=\"async\" src=\"https:\/\/i0.wp.com\/static.wixstatic.com\/media\/8f15c4_696b1a6ef018480bb2b60498ea8546fa.jpg\/v1\/fill\/w_280%2Ch_373%2Cal_c%2Cq_80%2Cusm_0.66_1.00_0.01\/8f15c4_696b1a6ef018480bb2b60498ea8546fa.webp?w=990&#038;ssl=1\" alt=\"\"\/><\/figure>\n\n\n\n<p><strong>Josep Maria Farr\u00e9, acordi\u00f3<\/strong>.<\/p>\n\n\n\n<p>Als set anys es va iniciar en solfeig i en acordi\u00f3 a l\u2019Escola Municipal de Martorell. Va seguir la carrera d\u2019acordi\u00f3 al Conservatori Municipal de Barcelona. Ha fet cursos de perfeccionament amb el catedr\u00e0tic Sr. Juan Manuel Garc\u00eda i la Sra. Pepita Perell\u00f3, catedr\u00e0tica del Liceu. Va formar part de l\u2019Estudiantina de Martorell i tamb\u00e9 del Grup de Bastoners de Martorell. Forma part del grup d\u2019havaneres <em>Els Escamarlans de Palau<\/em> com a acordionista.<\/p>\n\n\n\n<hr class=\"wp-block-separator has-alpha-channel-opacity\"\/>\n\n\n\n<p><\/p>\n\n\n\n<figure class=\"wp-block-image size-large is-resized\"><img data-recalc-dims=\"1\" loading=\"lazy\" decoding=\"async\" width=\"978\" height=\"1024\" src=\"https:\/\/i0.wp.com\/escamarlansdepalau.com\/wp-content\/uploads\/2025\/09\/image.png?resize=978%2C1024&#038;ssl=1\" alt=\"\" class=\"wp-image-1892\" style=\"width:279px;height:auto\" srcset=\"https:\/\/i0.wp.com\/escamarlansdepalau.com\/wp-content\/uploads\/2025\/09\/image.png?resize=978%2C1024&amp;ssl=1 978w, https:\/\/i0.wp.com\/escamarlansdepalau.com\/wp-content\/uploads\/2025\/09\/image.png?resize=286%2C300&amp;ssl=1 286w, https:\/\/i0.wp.com\/escamarlansdepalau.com\/wp-content\/uploads\/2025\/09\/image.png?resize=768%2C804&amp;ssl=1 768w, https:\/\/i0.wp.com\/escamarlansdepalau.com\/wp-content\/uploads\/2025\/09\/image.png?w=1018&amp;ssl=1 1018w\" sizes=\"auto, (max-width: 978px) 100vw, 978px\" \/><\/figure>\n\n\n\n<p><strong>Tianlu Li, violoncel<\/strong>.<\/p>\n\n\n\n<p>La Tianlu Li va comen\u00e7ar a tocar el viol\u00ed als 3 anys i a partir dels 5 es va dedicar al violoncel. Va estudiar violoncel a Austr\u00e0lia dins del programa AMEB, arribant a nivells avan\u00e7ats i participant en diverses orquestres. Fa tres anys tamb\u00e9 va comen\u00e7ar a aprendre piano. Actualment forma part del grup d\u2019havaneres Els Escamarlans de Palau, on hi toca el violoncel.<\/p>\n","protected":false},"excerpt":{"rendered":"<p>El grup Escamarlans de Palau es va fundar per les inquietuds d\u2019uns quants aficionats a les havaneres a Palau-solit\u00e0 i Plegamans. Eren cantaires procedents d\u2019un grup de cant coral, i<a href=\"https:\/\/escamarlansdepalau.com\/\" class=\"more-link\"><span class=\"readmore\">Continue reading<span class=\"screen-reader-text\">Qui som<\/span><\/span><\/a><\/p>\n","protected":false},"author":1,"featured_media":0,"parent":0,"menu_order":0,"comment_status":"closed","ping_status":"closed","template":"","meta":{"footnotes":""},"class_list":["post-20","page","type-page","status-publish","hentry"],"yoast_head":"<!-- This site is optimized with the Yoast SEO plugin v26.7 - https:\/\/yoast.com\/wordpress\/plugins\/seo\/ -->\n<title>Qui som - Escamarlans de Palau<\/title>\n<meta name=\"robots\" content=\"index, follow, max-snippet:-1, max-image-preview:large, max-video-preview:-1\" \/>\n<link rel=\"canonical\" href=\"https:\/\/escamarlansdepalau.com\/\" \/>\n<meta property=\"og:locale\" content=\"ca_ES\" \/>\n<meta property=\"og:type\" content=\"article\" \/>\n<meta property=\"og:title\" content=\"Qui som - Escamarlans de Palau\" \/>\n<meta property=\"og:description\" content=\"El grup Escamarlans de Palau es va fundar per les inquietuds d\u2019uns quants aficionats a les havaneres a Palau-solit\u00e0 i Plegamans. Eren cantaires procedents d\u2019un grup de cant coral, iContinue readingQui som\" \/>\n<meta property=\"og:url\" content=\"https:\/\/escamarlansdepalau.com\/\" \/>\n<meta property=\"og:site_name\" content=\"Escamarlans de Palau\" \/>\n<meta property=\"article:modified_time\" content=\"2025-09-22T21:48:26+00:00\" \/>\n<meta property=\"og:image\" content=\"https:\/\/static.wixstatic.com\/media\/8f15c4_efa29c4af06647e0aa7a157a7d02a4f2.jpg\/v1\/fill\/w_280,h_321,al_c,lg_1,q_80\/8f15c4_efa29c4af06647e0aa7a157a7d02a4f2.webp\" \/>\n<meta name=\"twitter:card\" content=\"summary_large_image\" \/>\n<meta name=\"twitter:label1\" content=\"Temps estimat de lectura\" \/>\n\t<meta name=\"twitter:data1\" content=\"5 minuts\" \/>\n<script type=\"application\/ld+json\" class=\"yoast-schema-graph\">{\"@context\":\"https:\/\/schema.org\",\"@graph\":[{\"@type\":\"WebPage\",\"@id\":\"https:\/\/escamarlansdepalau.com\/\",\"url\":\"https:\/\/escamarlansdepalau.com\/\",\"name\":\"Qui som - Escamarlans de Palau\",\"isPartOf\":{\"@id\":\"https:\/\/escamarlansdepalau.com\/#website\"},\"primaryImageOfPage\":{\"@id\":\"https:\/\/escamarlansdepalau.com\/#primaryimage\"},\"image\":{\"@id\":\"https:\/\/escamarlansdepalau.com\/#primaryimage\"},\"thumbnailUrl\":\"https:\/\/static.wixstatic.com\/media\/8f15c4_efa29c4af06647e0aa7a157a7d02a4f2.jpg\/v1\/fill\/w_280,h_321,al_c,lg_1,q_80\/8f15c4_efa29c4af06647e0aa7a157a7d02a4f2.webp\",\"datePublished\":\"2021-10-09T20:48:09+00:00\",\"dateModified\":\"2025-09-22T21:48:26+00:00\",\"breadcrumb\":{\"@id\":\"https:\/\/escamarlansdepalau.com\/#breadcrumb\"},\"inLanguage\":\"ca\",\"potentialAction\":[{\"@type\":\"ReadAction\",\"target\":[\"https:\/\/escamarlansdepalau.com\/\"]}]},{\"@type\":\"ImageObject\",\"inLanguage\":\"ca\",\"@id\":\"https:\/\/escamarlansdepalau.com\/#primaryimage\",\"url\":\"https:\/\/static.wixstatic.com\/media\/8f15c4_efa29c4af06647e0aa7a157a7d02a4f2.jpg\/v1\/fill\/w_280,h_321,al_c,lg_1,q_80\/8f15c4_efa29c4af06647e0aa7a157a7d02a4f2.webp\",\"contentUrl\":\"https:\/\/static.wixstatic.com\/media\/8f15c4_efa29c4af06647e0aa7a157a7d02a4f2.jpg\/v1\/fill\/w_280,h_321,al_c,lg_1,q_80\/8f15c4_efa29c4af06647e0aa7a157a7d02a4f2.webp\"},{\"@type\":\"BreadcrumbList\",\"@id\":\"https:\/\/escamarlansdepalau.com\/#breadcrumb\",\"itemListElement\":[{\"@type\":\"ListItem\",\"position\":1,\"name\":\"Inici\",\"item\":\"https:\/\/escamarlansdepalau.com\/\"},{\"@type\":\"ListItem\",\"position\":2,\"name\":\"Qui som\"}]},{\"@type\":\"WebSite\",\"@id\":\"https:\/\/escamarlansdepalau.com\/#website\",\"url\":\"https:\/\/escamarlansdepalau.com\/\",\"name\":\"Escamarlans de Palau\",\"description\":\"Grup d&#039;havaneres i can\u00e7\u00f3 de taverna\",\"potentialAction\":[{\"@type\":\"SearchAction\",\"target\":{\"@type\":\"EntryPoint\",\"urlTemplate\":\"https:\/\/escamarlansdepalau.com\/?s={search_term_string}\"},\"query-input\":{\"@type\":\"PropertyValueSpecification\",\"valueRequired\":true,\"valueName\":\"search_term_string\"}}],\"inLanguage\":\"ca\"}]}<\/script>\n<!-- \/ Yoast SEO plugin. -->","yoast_head_json":{"title":"Qui som - Escamarlans de Palau","robots":{"index":"index","follow":"follow","max-snippet":"max-snippet:-1","max-image-preview":"max-image-preview:large","max-video-preview":"max-video-preview:-1"},"canonical":"https:\/\/escamarlansdepalau.com\/","og_locale":"ca_ES","og_type":"article","og_title":"Qui som - Escamarlans de Palau","og_description":"El grup Escamarlans de Palau es va fundar per les inquietuds d\u2019uns quants aficionats a les havaneres a Palau-solit\u00e0 i Plegamans. Eren cantaires procedents d\u2019un grup de cant coral, iContinue readingQui som","og_url":"https:\/\/escamarlansdepalau.com\/","og_site_name":"Escamarlans de Palau","article_modified_time":"2025-09-22T21:48:26+00:00","og_image":[{"url":"https:\/\/static.wixstatic.com\/media\/8f15c4_efa29c4af06647e0aa7a157a7d02a4f2.jpg\/v1\/fill\/w_280,h_321,al_c,lg_1,q_80\/8f15c4_efa29c4af06647e0aa7a157a7d02a4f2.webp","type":"","width":"","height":""}],"twitter_card":"summary_large_image","twitter_misc":{"Temps estimat de lectura":"5 minuts"},"schema":{"@context":"https:\/\/schema.org","@graph":[{"@type":"WebPage","@id":"https:\/\/escamarlansdepalau.com\/","url":"https:\/\/escamarlansdepalau.com\/","name":"Qui som - Escamarlans de Palau","isPartOf":{"@id":"https:\/\/escamarlansdepalau.com\/#website"},"primaryImageOfPage":{"@id":"https:\/\/escamarlansdepalau.com\/#primaryimage"},"image":{"@id":"https:\/\/escamarlansdepalau.com\/#primaryimage"},"thumbnailUrl":"https:\/\/static.wixstatic.com\/media\/8f15c4_efa29c4af06647e0aa7a157a7d02a4f2.jpg\/v1\/fill\/w_280,h_321,al_c,lg_1,q_80\/8f15c4_efa29c4af06647e0aa7a157a7d02a4f2.webp","datePublished":"2021-10-09T20:48:09+00:00","dateModified":"2025-09-22T21:48:26+00:00","breadcrumb":{"@id":"https:\/\/escamarlansdepalau.com\/#breadcrumb"},"inLanguage":"ca","potentialAction":[{"@type":"ReadAction","target":["https:\/\/escamarlansdepalau.com\/"]}]},{"@type":"ImageObject","inLanguage":"ca","@id":"https:\/\/escamarlansdepalau.com\/#primaryimage","url":"https:\/\/static.wixstatic.com\/media\/8f15c4_efa29c4af06647e0aa7a157a7d02a4f2.jpg\/v1\/fill\/w_280,h_321,al_c,lg_1,q_80\/8f15c4_efa29c4af06647e0aa7a157a7d02a4f2.webp","contentUrl":"https:\/\/static.wixstatic.com\/media\/8f15c4_efa29c4af06647e0aa7a157a7d02a4f2.jpg\/v1\/fill\/w_280,h_321,al_c,lg_1,q_80\/8f15c4_efa29c4af06647e0aa7a157a7d02a4f2.webp"},{"@type":"BreadcrumbList","@id":"https:\/\/escamarlansdepalau.com\/#breadcrumb","itemListElement":[{"@type":"ListItem","position":1,"name":"Inici","item":"https:\/\/escamarlansdepalau.com\/"},{"@type":"ListItem","position":2,"name":"Qui som"}]},{"@type":"WebSite","@id":"https:\/\/escamarlansdepalau.com\/#website","url":"https:\/\/escamarlansdepalau.com\/","name":"Escamarlans de Palau","description":"Grup d&#039;havaneres i can\u00e7\u00f3 de taverna","potentialAction":[{"@type":"SearchAction","target":{"@type":"EntryPoint","urlTemplate":"https:\/\/escamarlansdepalau.com\/?s={search_term_string}"},"query-input":{"@type":"PropertyValueSpecification","valueRequired":true,"valueName":"search_term_string"}}],"inLanguage":"ca"}]}},"jetpack_sharing_enabled":true,"_links":{"self":[{"href":"https:\/\/escamarlansdepalau.com\/index.php\/wp-json\/wp\/v2\/pages\/20","targetHints":{"allow":["GET"]}}],"collection":[{"href":"https:\/\/escamarlansdepalau.com\/index.php\/wp-json\/wp\/v2\/pages"}],"about":[{"href":"https:\/\/escamarlansdepalau.com\/index.php\/wp-json\/wp\/v2\/types\/page"}],"author":[{"embeddable":true,"href":"https:\/\/escamarlansdepalau.com\/index.php\/wp-json\/wp\/v2\/users\/1"}],"replies":[{"embeddable":true,"href":"https:\/\/escamarlansdepalau.com\/index.php\/wp-json\/wp\/v2\/comments?post=20"}],"version-history":[{"count":15,"href":"https:\/\/escamarlansdepalau.com\/index.php\/wp-json\/wp\/v2\/pages\/20\/revisions"}],"predecessor-version":[{"id":1896,"href":"https:\/\/escamarlansdepalau.com\/index.php\/wp-json\/wp\/v2\/pages\/20\/revisions\/1896"}],"wp:attachment":[{"href":"https:\/\/escamarlansdepalau.com\/index.php\/wp-json\/wp\/v2\/media?parent=20"}],"curies":[{"name":"wp","href":"https:\/\/api.w.org\/{rel}","templated":true}]}}